{"id":50,"date":"2021-11-16T07:27:22","date_gmt":"2021-11-16T07:27:22","guid":{"rendered":"https:\/\/master.dev.loudzap.com\/?page_id=50"},"modified":"2024-10-25T14:41:23","modified_gmt":"2024-10-25T14:41:23","slug":"politica-de-privacidad","status":"publish","type":"page","link":"https:\/\/nuchar.dev.loudzap.com\/fr\/politica-de-privacidad\/","title":{"rendered":"Pol\u00edtica de Privacidad"},"content":{"rendered":"<div data-elementor-type=\"wp-page\" data-elementor-id=\"50\" class=\"elementor elementor-50\" data-elementor-post-type=\"page\">\n\t\t\t\t<div class=\"elementor-element elementor-element-6aadc5a e-flex e-con-boxed e-con e-parent\" data-id=\"6aadc5a\" data-element_type=\"container\" data-e-type=\"container\" data-settings=\"{&quot;background_background&quot;:&quot;classic&quot;}\">\n\t\t\t\t\t<div class=\"e-con-inner\">\n\t\t\t\t<div class=\"elementor-element elementor-element-95fec6f elementor-widget elementor-widget-text-editor\" data-id=\"95fec6f\" data-element_type=\"widget\" data-e-type=\"widget\" data-widget_type=\"text-editor.default\">\n\t\t\t\t<div class=\"elementor-widget-container\">\n\t\t\t\t\t\t\t\t\t<p><strong>NUCHAR est une marque de FONCASAL TRADING, S.L.U. <\/strong><strong>(ci-apr\u00e8s d\u00e9nomm\u00e9e \"FONCASAL\")<\/strong><\/p><p><strong style=\"color: #000080;\">POLITIQUE DE CONFIDENTIALIT\u00c9<\/strong><\/p><p><strong>1 - CADRE<\/strong><\/p><p>Cette politique de confidentialit\u00e9 \u00e9tablit l'engagement de FONCASAL, entreprise appartenant \u00e0 VIGENTGROUP et \u00e0 chacune de ses entreprises, envers ses parties prenantes (clients, employ\u00e9s, fournisseurs, actionnaires et investisseurs) en mati\u00e8re de protection des donn\u00e9es personnelles dont elle est responsable, dans le but de contribuer au renforcement et \u00e0 la consolidation de la relation de confiance et de proximit\u00e9 qu'elle entretient avec eux, gr\u00e2ce \u00e0 une communication claire et transparente de ce qu'elle fait avec ces donn\u00e9es et des droits qu'elle reconna\u00eet \u00e0 leurs d\u00e9tenteurs et de la mani\u00e8re dont ils peuvent les exercer.<\/p><p>NUCHAR S. L. (VIGENTGROUP) agit dans le strict respect des principes d\u00e9crits dans la pr\u00e9sente politique, du r\u00e8glement (UE) 2016\/679 (r\u00e8glement g\u00e9n\u00e9ral sur la protection des donn\u00e9es) et de la l\u00e9gislation applicable en mati\u00e8re de protection des donn\u00e9es dans toutes les activit\u00e9s de traitement des donn\u00e9es \u00e0 caract\u00e8re personnel dont elle est responsable.<\/p><p>La politique de confidentialit\u00e9 fait partie du cadre r\u00e9glementaire de VIGENTGROUP qui s'applique \u00e0 ses entreprises associ\u00e9es, pour la protection des donn\u00e9es personnelles, et comprend des r\u00e8gles et des proc\u00e9dures pour la gestion de la s\u00e9curit\u00e9 et de la confidentialit\u00e9 des donn\u00e9es personnelles.<\/p><p>FONCASAL (VIGENTGROUP) traite les donn\u00e9es \u00e0 caract\u00e8re personnel par le biais de divers moyens op\u00e9rationnels et techniques afin de soutenir les activit\u00e9s de ses processus commerciaux.<\/p><p><strong>\u00a0\u00a0\u00a0\u00a0 1. les buts et objectifs<\/strong><\/p><p>La politique de confidentialit\u00e9, en tant qu'outil de communication, a les principaux objectifs suivants :<\/p><p>- Renforcer et consolider la relation de confiance et de proximit\u00e9 entre FONCASAL (VIGENTGROUP) et toutes ses parties prenantes ;<\/p><p>- Faire preuve de transparence quant aux finalit\u00e9s et aux activit\u00e9s de traitement effectu\u00e9es par FONCASAL (VIGENTGROUP), ainsi qu'aux p\u00e9riodes de conservation des donn\u00e9es personnelles collect\u00e9es ;<\/p><p>- Informer les personnes concern\u00e9es de leurs droits en mati\u00e8re de protection des donn\u00e9es \u00e0 caract\u00e8re personnel et de la mani\u00e8re dont elles peuvent les exercer ;<\/p><p>- Informer les titulaires de donn\u00e9es personnelles qui sont les responsables de FONCASAL (VIGENTGROUP) auxquels ils peuvent s'adresser pour exercer leurs droits ou pour clarifier la fa\u00e7on dont leurs donn\u00e9es personnelles sont trait\u00e9es.<\/p><p><strong>\u00a0\u00a0\u00a0\u00a0 2. Champ d'application<\/strong><\/p><p>La politique de confidentialit\u00e9 s'applique exclusivement au traitement des donn\u00e9es personnelles effectu\u00e9 par FONCASAL (VIGENTGROUP) dans le cadre des finalit\u00e9s pr\u00e9vues.<\/p><p>Aux fins de la pr\u00e9sente politique, les donn\u00e9es \u00e0 caract\u00e8re personnel sont consid\u00e9r\u00e9es comme \u00e9tant\u00a0<strong>toute information relative \u00e0 une personne sp\u00e9cifique ou \u00e0 un individu (personne concern\u00e9e)<\/strong><\/p><p>La personne physique ou la personne concern\u00e9e peut \u00eatre identifi\u00e9e directement ou indirectement, g\u00e9n\u00e9ralement par un num\u00e9ro d'identification ou par des caract\u00e9ristiques physiques, physiologiques, g\u00e9n\u00e9tiques, intellectuelles, \u00e9conomiques, culturelles ou sociales.<\/p><p><strong>\u00a0\u00a0\u00a0\u00a0 3. le maintien, la communication et la mise en \u0153uvre de la politique<\/strong><\/p><p>La politique de confidentialit\u00e9 doit \u00eatre r\u00e9vis\u00e9e chaque ann\u00e9e en cas de changement de circonstances et de modifications l\u00e9gislatives, afin de s'assurer qu'elle reste d'actualit\u00e9 et adapt\u00e9e aux r\u00e9glementations et lois en vigueur.  Les propositions de r\u00e9vision de la politique et le contr\u00f4le de sa mise en \u0153uvre et de son respect rel\u00e8vent de la responsabilit\u00e9 de l'organe de gestion comp\u00e9tent de FONCASAL (VIGENTGROUP).<\/p><p>Cette politique doit \u00eatre connue de tous les employ\u00e9s de FONCASAL (VIGENTGROUP) et doit \u00eatre mise \u00e0 la disposition de ses parties prenantes, chaque fois qu'elle concerne le traitement de leurs donn\u00e9es personnelles, par les canaux appropri\u00e9s, normalement le site web de FONCASAL (VIGENTGROUP).<\/p><p><strong>2 - CONTENU DE LA POLITIQUE DE CONFIDENTIALIT\u00c9<\/strong><\/p><p><strong>\u00a0\u00a0\u00a0\u00a0 1. notre engagement en mati\u00e8re de protection de la vie priv\u00e9e<\/strong><\/p><p>FONCASAL (VIGENTGROUP) travaille sur la base de la confiance et de la transparence. Cet engagement est appliqu\u00e9 dans nos relations quotidiennes avec nos clients, nos employ\u00e9s, nos fournisseurs et les autres parties prenantes.<\/p><p>La confidentialit\u00e9 et la s\u00e9curit\u00e9 des donn\u00e9es que vous nous confiez est une priorit\u00e9 pour nous.<\/p><p>Nous nous engageons \u00e0 collecter, stocker, traiter, transmettre ou supprimer vos donn\u00e9es personnelles de mani\u00e8re transparente et uniquement celles qui sont essentielles \u00e0 la relation.<\/p><p>Nous vous informerons de la mani\u00e8re dont nous utilisons vos donn\u00e9es personnelles et \u00e0 quelles fins, et nous vous assurons que nous les collectons, les partageons et les conservons conform\u00e9ment aux meilleures pratiques dans le domaine de la s\u00e9curit\u00e9 et de la protection des donn\u00e9es personnelles.<\/p><p>Nous voulons que vous sachiez que les donn\u00e9es personnelles contenues dans notre syst\u00e8me sont correctement prot\u00e9g\u00e9es et que nous prendrons nos responsabilit\u00e9s en mati\u00e8re de protection de votre vie priv\u00e9e au s\u00e9rieux et avec le plus grand soin.<\/p><p>Si vous avez des questions sur la mani\u00e8re dont nous utilisons vos donn\u00e9es personnelles, veuillez nous contacter par courrier \u00e9lectronique \u00e0 l'adresse suivante\u00a0<a href=\"mailto:dataprotection@vigent.pt\">dataprotection@vigent.pt<\/a><\/p><p><strong>\u00a0\u00a0\u00a0\u00a0 2. Qui est responsable de vos donn\u00e9es \u00e0 caract\u00e8re personnel ?<\/strong><\/p><p>La soci\u00e9t\u00e9 identifi\u00e9e ci-dessus \u00e0 laquelle vous avez fourni vos donn\u00e9es personnelles est le responsable du traitement en vertu du R\u00e8glement g\u00e9n\u00e9ral sur la protection des donn\u00e9es et de la l\u00e9gislation compl\u00e9mentaire sur la protection des donn\u00e9es personnelles en vigueur dans les pays dans lesquels elle op\u00e8re.<\/p><p>FONCASAL fait partie du groupe d'entreprises VIGENTGROUP, de sorte que vos donn\u00e9es personnelles peuvent \u00eatre transmises et trait\u00e9es par n'importe laquelle des entreprises appartenant \u00e0 ce groupe.<\/p><p><strong>\u00a0\u00a0\u00a0\u00a0 3. Donn\u00e9es personnelles que nous pouvons collecter<\/strong><\/p><p>Dans la pr\u00e9sente politique de protection de la vie priv\u00e9e, le terme\u00a0<strong>\"Donn\u00e9es \u00e0 caract\u00e8re personnel\u00a0<\/strong>d\u00e9signe l'ensemble des informations qui vous concernent et qui nous permettent de vous identifier directement ou indirectement. Vos donn\u00e9es personnelles peuvent inclure, par exemple, votre nom, votre num\u00e9ro d'identification fiscale et vos contacts (physiques et\/ou \u00e9lectroniques).<\/p><p>Nous pouvons \u00e9galement recevoir vos donn\u00e9es personnelles de la part d'autres entreprises, notamment lorsqu'elles les collectent, les traitent ou les stockent dans le cadre d'un contrat de service.<\/p><p><strong>\u00a0\u00a0\u00a0\u00a0 4. comment et pourquoi utilisons-nous vos donn\u00e9es personnelles ?<\/strong><\/p><p>Nous utilisons vos donn\u00e9es personnelles dans la mesure strictement n\u00e9cessaire au maintien de la relation existante.<\/p><p><strong>\u00a0\u00a0\u00a0\u00a0 5. combien de temps conservons-nous vos donn\u00e9es personnelles ?<\/strong><\/p><p>Nous ne conservons vos donn\u00e9es \u00e0 caract\u00e8re personnel que pendant la dur\u00e9e n\u00e9cessaire \u00e0 la r\u00e9alisation des objectifs fix\u00e9s dans le cadre de la relation et dans le respect de la loi.<\/p><p>Une fois la p\u00e9riode de conservation maximale atteinte, vos donn\u00e9es personnelles seront anonymis\u00e9es ou d\u00e9truites\/supprim\u00e9es en toute s\u00e9curit\u00e9.<\/p><p><strong>\u00a0\u00a0\u00a0\u00a0 6. Avec qui nous pouvons partager vos donn\u00e9es personnelles<\/strong><\/p><p>Dans certains cas, nous pouvons divulguer vos donn\u00e9es \u00e0 caract\u00e8re personnel \u00e0 d'autres entit\u00e9s dans le cadre des services qu'elles fournissent.  Dans ce cas, nous leur demandons de mettre en place des mesures de s\u00e9curit\u00e9 appropri\u00e9es pour prot\u00e9ger vos donn\u00e9es \u00e0 caract\u00e8re personnel.<\/p><p>Nous pouvons \u00eatre amen\u00e9s \u00e0 divulguer vos donn\u00e9es personnelles aux autorit\u00e9s ou \u00e0 des tiers lorsque la loi nous y oblige.<\/p><p>En cas de transfert ou d'acc\u00e8s de vos donn\u00e9es personnelles par une soci\u00e9t\u00e9 de VIGENTGROUP \u00e0 des fournisseurs ou prestataires de services bas\u00e9s en dehors de l'Union europ\u00e9enne, nous nous assurons que vos donn\u00e9es personnelles sont trait\u00e9es conform\u00e9ment \u00e0 des mesures de s\u00e9curit\u00e9 et de protection appropri\u00e9es et compatibles avec celles que nous utilisons.<\/p><p><strong>\u00a0\u00a0\u00a0\u00a0 7. Comment exercer vos droits en mati\u00e8re de protection des donn\u00e9es \u00e0 caract\u00e8re personnel<\/strong><\/p><p>Dans certaines circonstances, vous avez le droit d'acc\u00e9der \u00e0 vos donn\u00e9es ou de les demander :<\/p><ol><li>Informations compl\u00e9mentaires sur l'utilisation de vos donn\u00e9es personnelles ;<\/li><li>Vos donn\u00e9es personnelles en notre possession<\/li><li>que nous transf\u00e9rions \u00e0 une autre entit\u00e9 les donn\u00e9es \u00e0 caract\u00e8re personnel que vous nous avez fournies ;<\/li><li>Mise \u00e0 jour de vos donn\u00e9es personnelles ;<\/li><li>La suppression de vos donn\u00e9es personnelles, \u00e0 l'exception des donn\u00e9es qui doivent \u00eatre conserv\u00e9es en vertu d'une obligation l\u00e9gale\/judiciaire ;<\/li><li>Opposition au traitement de vos donn\u00e9es personnelles ;<\/li><li>limiter l'utilisation de vos donn\u00e9es personnelles pendant que nous corrigeons ou clarifions toute question relative \u00e0 leur contenu ou \u00e0 l'utilisation que nous en faisons ;<\/li><li>La mise en place d'un canal de communication permettant \u00e0 la personne concern\u00e9e de contester les d\u00e9cisions fond\u00e9es sur ses donn\u00e9es personnelles.<\/li><\/ol><p>Vous avez \u00e9galement le droit de retirer ou de modifier, \u00e0 tout moment, le consentement que vous nous avez donn\u00e9 pour l'utilisation de vos donn\u00e9es personnelles.<\/p><p>L'exercice de ces droits est garanti sauf lorsque les donn\u00e9es personnelles doivent \u00eatre utilis\u00e9es pour sauvegarder l'int\u00e9r\u00eat public, notamment dans les cas de d\u00e9tection et de pr\u00e9vention de la criminalit\u00e9, ou lorsqu'elles sont soumises au secret professionnel.<\/p><p>Pour exercer vos droits en mati\u00e8re de protection des donn\u00e9es personnelles ou pour toute question concernant l'utilisation de vos donn\u00e9es personnelles, veuillez nous contacter par courrier \u00e9lectronique :\u00a0<a href=\"mailto:dataprotection@vigent.pt\">dataprotection@vigent.pt<\/a><\/p><p>Si vous n'\u00eates pas satisfait de la mani\u00e8re dont nous utilisons vos donn\u00e9es personnelles ou de notre r\u00e9ponse \u00e0 votre demande d'exercice de vos droits, vous pouvez d\u00e9poser une plainte aupr\u00e8s d'une autorit\u00e9 de contr\u00f4le comp\u00e9tente.<\/p><p><strong>\u00a0\u00a0\u00a0\u00a0 8. Comment nous prot\u00e9geons vos donn\u00e9es personnelles\u00a0 \u00a0 \u00a0 \u00a0<\/strong><\/p><p>FONCASAL (VIGENTGROUP) dispose d'un ensemble de mesures de s\u00e9curit\u00e9 et de protection de l'information, align\u00e9es sur les meilleures pratiques nationales et internationales, afin de prot\u00e9ger vos donn\u00e9es personnelles, y compris des contr\u00f4les technologiques, des mesures administratives, techniques, physiques et des proc\u00e9dures qui garantissent la protection de vos donn\u00e9es personnelles, en emp\u00eachant leur utilisation abusive, leur acc\u00e8s et leur divulgation non autoris\u00e9s, leur perte, leur alt\u00e9ration inappropri\u00e9e ou par inadvertance, ou leur destruction non autoris\u00e9e.  Nous assumons le m\u00eame engagement d'am\u00e9lioration continue que celui sur lequel nous fondons notre activit\u00e9 quotidienne en mati\u00e8re de s\u00e9curit\u00e9 de l'information.<\/p><p>Nous soulignons notamment les mesures suivantes :<\/p><ol><li>L'acc\u00e8s \u00e0 vos donn\u00e9es personnelles est limit\u00e9 aux seules personnes qui en ont besoin aux fins \u00e9nonc\u00e9es ci-dessus ;<\/li><li>Le stockage et le transfert de donn\u00e9es \u00e0 caract\u00e8re personnel ne se font que de mani\u00e8re s\u00e9curis\u00e9e ;<\/li><li>Protection des syst\u00e8mes d'information par des dispositifs emp\u00eachant l'acc\u00e8s non autoris\u00e9 \u00e0 vos donn\u00e9es personnelles ;<\/li><li>Mise en \u0153uvre de m\u00e9canismes visant \u00e0 garantir l'int\u00e9grit\u00e9 et la qualit\u00e9 de vos donn\u00e9es personnelles ;<\/li><li>Contr\u00f4le permanent des syst\u00e8mes d'information, dans le but de pr\u00e9venir, de d\u00e9tecter et d'emp\u00eacher l'utilisation abusive de vos donn\u00e9es personnelles ;<\/li><li>Redondance des \u00e9quipements de stockage, de traitement et de communication des donn\u00e9es personnelles afin d'\u00e9viter toute perte de disponibilit\u00e9 ;<\/li><li>Nous pouvons \u00eatre amen\u00e9s \u00e0 fournir vos donn\u00e9es personnelles aux autorit\u00e9s ou \u00e0 des tiers lorsque la loi nous y oblige et, dans ce cas, notre contr\u00f4le sur la fa\u00e7on dont vos donn\u00e9es personnelles sont prot\u00e9g\u00e9es est limit\u00e9.<\/li><li><strong> Mises \u00e0 jour de la pr\u00e9sente politique de confidentialit\u00e9\u00a0 \u00a0<\/strong><\/li><\/ol><p>La pr\u00e9sente politique de confidentialit\u00e9 peut \u00eatre mise \u00e0 jour de temps \u00e0 autre et, le cas \u00e9ch\u00e9ant, elle sera divulgu\u00e9e par les canaux appropri\u00e9s, \u00e0 savoir le site web de FONCASAL (VIGENTGROUP).<\/p>\t\t\t\t\t\t\t\t<\/div>\n\t\t\t\t<\/div>\n\t\t\t\t\t<\/div>\n\t\t\t\t<\/div>\n\t\t\t\t<\/div>","protected":false},"excerpt":{"rendered":"<p>NUCHAR es una marca de FONCASAL TRADING, S.L.U. (en adelante, \u201cFONCASAL\u201d) POL\u00cdTICA DE PRIVACIDAD 1 \u2013 MARCO Esta Pol\u00edtica de Privacidad establece el compromiso de FONCASAL empresa perteneciente a VIGENTGROUP y cada una de las empresas del mismo, con sus grupos de inter\u00e9s (clientes, empleados, proveedores, accionistas e inversores) en la protecci\u00f3n de los datos [&hellip;]<\/p>\n","protected":false},"author":4,"featured_media":0,"parent":0,"menu_order":7,"comment_status":"closed","ping_status":"closed","template":"","meta":{"_acf_changed":false,"_seopress_robots_primary_cat":"","_seopress_titles_title":"","_seopress_titles_desc":"","_seopress_robots_index":"","footnotes":""},"class_list":["post-50","page","type-page","status-publish","hentry"],"acf":[],"_links":{"self":[{"href":"https:\/\/nuchar.dev.loudzap.com\/fr\/wp-json\/wp\/v2\/pages\/50","targetHints":{"allow":["GET"]}}],"collection":[{"href":"https:\/\/nuchar.dev.loudzap.com\/fr\/wp-json\/wp\/v2\/pages"}],"about":[{"href":"https:\/\/nuchar.dev.loudzap.com\/fr\/wp-json\/wp\/v2\/types\/page"}],"author":[{"embeddable":true,"href":"https:\/\/nuchar.dev.loudzap.com\/fr\/wp-json\/wp\/v2\/users\/4"}],"replies":[{"embeddable":true,"href":"https:\/\/nuchar.dev.loudzap.com\/fr\/wp-json\/wp\/v2\/comments?post=50"}],"version-history":[{"count":13,"href":"https:\/\/nuchar.dev.loudzap.com\/fr\/wp-json\/wp\/v2\/pages\/50\/revisions"}],"predecessor-version":[{"id":4815,"href":"https:\/\/nuchar.dev.loudzap.com\/fr\/wp-json\/wp\/v2\/pages\/50\/revisions\/4815"}],"wp:attachment":[{"href":"https:\/\/nuchar.dev.loudzap.com\/fr\/wp-json\/wp\/v2\/media?parent=50"}],"curies":[{"name":"wp","href":"https:\/\/api.w.org\/{rel}","templated":true}]}}