{"id":48,"date":"2021-11-16T07:14:40","date_gmt":"2021-11-16T07:14:40","guid":{"rendered":"https:\/\/master.dev.loudzap.com\/?page_id=48"},"modified":"2024-10-25T14:43:06","modified_gmt":"2024-10-25T14:43:06","slug":"politica-de-cookies","status":"publish","type":"page","link":"https:\/\/nuchar.dev.loudzap.com\/fr\/politica-de-cookies\/","title":{"rendered":"Pol\u00edtica de Cookies"},"content":{"rendered":"<div data-elementor-type=\"wp-page\" data-elementor-id=\"48\" class=\"elementor elementor-48\" data-elementor-post-type=\"page\">\n\t\t\t\t<div class=\"elementor-element elementor-element-2d7ee8c e-flex e-con-boxed e-con e-parent\" data-id=\"2d7ee8c\" data-element_type=\"container\" data-e-type=\"container\" data-settings=\"{&quot;background_background&quot;:&quot;classic&quot;}\">\n\t\t\t\t\t<div class=\"e-con-inner\">\n\t\t\t\t<div class=\"elementor-element elementor-element-56cb517 elementor-widget elementor-widget-text-editor\" data-id=\"56cb517\" data-element_type=\"widget\" data-e-type=\"widget\" data-widget_type=\"text-editor.default\">\n\t\t\t\t<div class=\"elementor-widget-container\">\n\t\t\t\t\t\t\t\t\t<p><strong>NUCHAR est une marque de FONCASAL TRADING, S.L.U. <\/strong><strong>(ci-apr\u00e8s d\u00e9nomm\u00e9e \"FONCASAL\")<\/strong><\/p><p><strong style=\"color: #000080;\">POLITIQUE EN MATI\u00c8RE DE COOKIES<\/strong><\/p><p><strong>1. LES BISCUITS : QU'EST-CE QUE C'EST ?<\/strong><\/p><p>Les cookies sont principalement de petits fichiers textes qui sont t\u00e9l\u00e9charg\u00e9s sur l'appareil (ordinateur, smartphone, tablette, etc.) des utilisateurs (ci-apr\u00e8s \" Utilisateur \") lors de la visite d'un site internet (ci-apr\u00e8s \" Sites \") et qui stockent des informations sur la navigation effectu\u00e9e par l'Utilisateur. L'utilisation de ce type de technologie lors de l'acc\u00e8s aux Sites est une pratique courante et n'endommage pas le mat\u00e9riel de l'Utilisateur (ordinateur, smartphone, tablette, etc.). Les diff\u00e9rents navigateurs permettent \u00e0 chaque Utilisateur d'avoir la possibilit\u00e9 de refuser leur utilisation et\/ou de supprimer celles qui ont d\u00e9j\u00e0 \u00e9t\u00e9 stock\u00e9es.<\/p><p>Les cookies jouent un r\u00f4le important dans le fonctionnement des diff\u00e9rents sites et dans l'acc\u00e8s aux diff\u00e9rents contenus, car ils nous permettent de comprendre comment le site est utilis\u00e9 par ses utilisateurs, facilitant ainsi leur navigation et garantissant une meilleure exp\u00e9rience.<\/p><p><strong>2. POURQUOI UTILISONS-NOUS DES COOKIES ?<\/strong><\/p><p>Les sites web stockent des cookies qui sont utilis\u00e9s pour am\u00e9liorer les performances et l'exp\u00e9rience de l'utilisateur dans les limites autoris\u00e9es par la loi.<\/p><p>Les cookies stock\u00e9s sur les sites web ne sont pas utilis\u00e9s pour enregistrer des informations personnelles ou confidentielles, ni pour enregistrer la navigation sur Internet en dehors des sites web.<\/p><p>Les cookies stock\u00e9s sur les sites web n'identifient pas l'utilisateur, mais seulement l'ordinateur utilis\u00e9, et vous permettent d'am\u00e9liorer votre exp\u00e9rience de navigation et d'utilisation, par exemple en nous aidant \u00e0 associer votre appareil \u00e0 vos pr\u00e9f\u00e9rences ou \u00e0 vous fournir un contenu que nous pensons susceptible de vous int\u00e9resser.<\/p><p><strong>3. CAT\u00c9GORIES DE COOKIES<\/strong><\/p><p>Il existe plusieurs types de cookies stock\u00e9s sur les sites web :<\/p><p>Cookies simples, techniques et fonctionnels : ces types de cookies sont n\u00e9cessaires au bon fonctionnement des sites web et permettent d'utiliser les diff\u00e9rentes options ou services qui y sont propos\u00e9s. Ils enregistrent \u00e9galement le parcours de l'utilisateur pendant sa visite sans l'identifier et sont automatiquement supprim\u00e9s lorsqu'il quitte le site.<\/p><p>Cookies persistants, de pr\u00e9f\u00e9rence ou de personnalisation : ils ne sont pas indispensables au fonctionnement du site, mais ils permettent d'identifier l'utilisateur chaque fois qu'il acc\u00e8de aux pages, en optimisant son exp\u00e9rience de navigation et en la diff\u00e9renciant de celle des autres utilisateurs, par exemple, la langue ou la r\u00e9gion, le nombre de r\u00e9sultats \u00e0 afficher dans la recherche... Si c'est l'utilisateur lui-m\u00eame qui choisit les caract\u00e9ristiques, on consid\u00e8re qu'il s'agit d'un service express\u00e9ment demand\u00e9, \u00e0 condition que les cookies ob\u00e9issent exclusivement \u00e0 l'objectif de personnalisation s\u00e9lectionn\u00e9.<\/p><p>Les cookies persistants, de pr\u00e9f\u00e9rence ou de personnalisation restent sur l'ordinateur jusqu'\u00e0 ce que l'utilisateur les supprime.<\/p><p>Cookies de publicit\u00e9 comportementale : il s'agit de cookies qui collectent des informations sur les pr\u00e9f\u00e9rences et les choix personnels de l'utilisateur (reciblage) et qui permettent d'afficher des publicit\u00e9s adapt\u00e9es aux int\u00e9r\u00eats et aux go\u00fbts de l'utilisateur. Par exemple, si l'utilisateur est int\u00e9ress\u00e9 par des articles sur les voitures, il est probable qu'il se verra pr\u00e9senter des publicit\u00e9s li\u00e9es \u00e0 ces biens.<\/p><p>Autres cookies ou cookies tiers : il s'agit de cookies g\u00e9n\u00e9ralement plac\u00e9s par des sites tiers avec l'autorisation des sites web, permettant de se souvenir que l'utilisateur a d\u00e9j\u00e0 visit\u00e9 le m\u00eame site.<\/p><p>En outre, les sites web peuvent int\u00e9grer des balises pixel (pixel tags et pixel beacons) qui vous permettent de percevoir l'utilisation des sites web par les utilisateurs. Les balises pixel ne collectent pas de donn\u00e9es personnelles et sont utilis\u00e9es pour collecter des informations sur les destinations qui int\u00e9ressent l'utilisateur.<\/p><p><strong>4. COMMENT G\u00c9RER LES COOKIES<\/strong><\/p><p>En continuant \u00e0 naviguer sur ce SITE, et \u00e0 moins que vous n'ayez d\u00e9sactiv\u00e9 les cookies, vous acceptez leur utilisation conform\u00e9ment \u00e0 la pr\u00e9sente politique en mati\u00e8re de cookies.<\/p><p>Si vous choisissez de d\u00e9sactiver les cookies, il se peut que tout ou partie des sites web que vous visitez ne fonctionne pas correctement et\/ou que l'exp\u00e9rience de navigation ne soit pas ad\u00e9quate.<\/p><p>Diff\u00e9rents navigateurs vous permettent de voir les cookies qui existent sur votre appareil et d'inhiber ou de supprimer, individuellement ou compl\u00e8tement, les cookies.<\/p><p>Pour plus d'informations sur les cookies, leur utilisation et la mani\u00e8re de g\u00e9rer vos pr\u00e9f\u00e9rences en mati\u00e8re de cookies, vous pouvez consulter les pages d'aide sp\u00e9cifiques des diff\u00e9rents navigateurs ou des pages g\u00e9n\u00e9riques sur ce sujet, par exemple la suivante\u00a0<a href=\"https:\/\/support.google.com\/accounts\/answer\/61416?co=GENIE.Platform%253DDesktop&amp;hl=pt-PT\" target=\"_blank\" rel=\"noopener noreferrer nofollow\">lien<\/a><\/p><p>\u00a0<\/p>\t\t\t\t\t\t\t\t<\/div>\n\t\t\t\t<\/div>\n\t\t\t\t\t<\/div>\n\t\t\t\t<\/div>\n\t\t\t\t<\/div>","protected":false},"excerpt":{"rendered":"<p>NUCHAR es una marca de FONCASAL TRADING, S.L.U. (en adelante, \u201cFONCASAL\u201d) POL\u00cdTICA DE COOKIES 1. COOKIES: \u00bfQU\u00c9 SON? Las cookies son archivos, principalmente de texto de peque\u00f1o tama\u00f1o que se descargan en el dispositivo (Pc, Smartphone, tablet, etc) de los usuarios (en adelante \u00abUsuario\u00bb) cuando visita alguna p\u00e1gina web (en adelante \u00abSitios\u00bb) y que guardan [&hellip;]<\/p>\n","protected":false},"author":4,"featured_media":0,"parent":0,"menu_order":9,"comment_status":"closed","ping_status":"closed","template":"","meta":{"_acf_changed":false,"_seopress_robots_primary_cat":"","_seopress_titles_title":"","_seopress_titles_desc":"","_seopress_robots_index":"","footnotes":""},"class_list":["post-48","page","type-page","status-publish","hentry"],"acf":[],"_links":{"self":[{"href":"https:\/\/nuchar.dev.loudzap.com\/fr\/wp-json\/wp\/v2\/pages\/48","targetHints":{"allow":["GET"]}}],"collection":[{"href":"https:\/\/nuchar.dev.loudzap.com\/fr\/wp-json\/wp\/v2\/pages"}],"about":[{"href":"https:\/\/nuchar.dev.loudzap.com\/fr\/wp-json\/wp\/v2\/types\/page"}],"author":[{"embeddable":true,"href":"https:\/\/nuchar.dev.loudzap.com\/fr\/wp-json\/wp\/v2\/users\/4"}],"replies":[{"embeddable":true,"href":"https:\/\/nuchar.dev.loudzap.com\/fr\/wp-json\/wp\/v2\/comments?post=48"}],"version-history":[{"count":3,"href":"https:\/\/nuchar.dev.loudzap.com\/fr\/wp-json\/wp\/v2\/pages\/48\/revisions"}],"predecessor-version":[{"id":4818,"href":"https:\/\/nuchar.dev.loudzap.com\/fr\/wp-json\/wp\/v2\/pages\/48\/revisions\/4818"}],"wp:attachment":[{"href":"https:\/\/nuchar.dev.loudzap.com\/fr\/wp-json\/wp\/v2\/media?parent=48"}],"curies":[{"name":"wp","href":"https:\/\/api.w.org\/{rel}","templated":true}]}}