{"id":248,"date":"2024-10-22T10:00:42","date_gmt":"2024-10-22T10:00:42","guid":{"rendered":"https:\/\/nuchar.dev.loudzap.com\/?page_id=248"},"modified":"2024-10-25T14:45:49","modified_gmt":"2024-10-25T14:45:49","slug":"canal-de-denuncia","status":"publish","type":"page","link":"https:\/\/nuchar.dev.loudzap.com\/fr\/canal-de-denuncia\/","title":{"rendered":"Canal de Denuncia"},"content":{"rendered":"<div data-elementor-type=\"wp-page\" data-elementor-id=\"248\" class=\"elementor elementor-248\" data-elementor-post-type=\"page\">\n\t\t\t\t<div class=\"elementor-element elementor-element-2f7582e e-flex e-con-boxed e-con e-parent\" data-id=\"2f7582e\" data-element_type=\"container\" data-e-type=\"container\" data-settings=\"{&quot;background_background&quot;:&quot;classic&quot;}\">\n\t\t\t\t\t<div class=\"e-con-inner\">\n\t\t\t\t<div class=\"elementor-element elementor-element-c8b6919 elementor-widget elementor-widget-text-editor\" data-id=\"c8b6919\" data-element_type=\"widget\" data-e-type=\"widget\" data-widget_type=\"text-editor.default\">\n\t\t\t\t<div class=\"elementor-widget-container\">\n\t\t\t\t\t\t\t\t\t<p><strong><u>Politique de confidentialit\u00e9 de la cha\u00eene Whistleblower<\/u><\/strong><\/p><p>Le canal de d\u00e9nonciation NUCHAR, une marque de FONCASAL TRADING S.L.U. (ci-apr\u00e8s, \"FONCASAL\"), est le moyen par lequel les employ\u00e9s, les fournisseurs, les clients et les tiers peuvent signaler des comportements irr\u00e9guliers, des violations du Code d'\u00e9thique et des comportements corrompus au sein de FONCASAL et\/ou des entreprises d\u00e9tenues, qui peuvent constituer un d\u00e9lit.<\/p><p>FONCASAL est responsable du traitement des donn\u00e9es personnelles fournies. Toutes les plaintes d\u00e9pos\u00e9es seront trait\u00e9es avec la plus grande confidentialit\u00e9 et dans le but d'enqu\u00eater, de traiter et de r\u00e9soudre les plaintes d\u00e9pos\u00e9es, d'anticiper et, le cas \u00e9ch\u00e9ant, de corriger les comportements irr\u00e9guliers et\/ou contraires au Code d'\u00e9thique. Il ne peut en aucun cas \u00eatre utilis\u00e9 comme bo\u00eete \u00e0 plaintes ou \u00e0 suggestions ou comme canal de service \u00e0 la client\u00e8le.<\/p><p>Les donn\u00e9es \u00e0 caract\u00e8re personnel seront conserv\u00e9es aussi longtemps que n\u00e9cessaire pour d\u00e9cider d'ouvrir ou non une enqu\u00eate sur les faits signal\u00e9s.<\/p><p>Toutefois, si la proc\u00e9dure d'enqu\u00eate est suivie d'une proc\u00e9dure judiciaire, les donn\u00e9es peuvent \u00eatre conserv\u00e9es pour la dur\u00e9e suppl\u00e9mentaire n\u00e9cessaire jusqu'\u00e0 l'obtention d'une d\u00e9cision judiciaire d\u00e9finitive.<\/p><p>Les plaintes peuvent \u00eatre anonymes ou identifi\u00e9es. En cas d'identification, des mesures seront prises pour \u00e9viter d'\u00e9ventuelles repr\u00e9sailles. Les plaintes peuvent \u00eatre d\u00e9pos\u00e9es en cliquant sur le lien fourni \u00e0 la fin de la pr\u00e9sente politique, sous r\u00e9serve d'acceptation de cette derni\u00e8re. Le Compliance Officer de FONCASAL les recevra et les transmettra, le cas \u00e9ch\u00e9ant, \u00e0 l'organisme d'enqu\u00eate, qui suivra la proc\u00e9dure d'enqu\u00eate \u00e9tablie.<\/p><p>Ils ne pourront acc\u00e9der qu'aux plaintes :<\/p><ol><li>La personne responsable du syst\u00e8me et celle qui le g\u00e8re directement.<\/li><li>Le responsable des ressources humaines ou l'organe d'enqu\u00eate, uniquement lorsque des mesures disciplinaires peuvent \u00eatre prises \u00e0 l'encontre d'un employ\u00e9.<\/li><li>Le d\u00e9l\u00e9gu\u00e9 \u00e0 la protection des donn\u00e9es.<\/li><li>Les personnes charg\u00e9es du traitement qui peuvent \u00eatre d\u00e9sign\u00e9es.<\/li><\/ol><p>Toute plainte ou communication ayant des implications p\u00e9nales implique n\u00e9cessairement l'ouverture d'un dossier par l'organisme d'enqu\u00eate et la communication, le cas \u00e9ch\u00e9ant, aux forces et corps de s\u00e9curit\u00e9 de l'\u00c9tat, aux administrations et autorit\u00e9s et\/ou aux cours et tribunaux.<\/p><p>Pour \u00eatre accept\u00e9es et trait\u00e9es correctement, les plaintes doivent imp\u00e9rativement contenir les informations suivantes :<\/p><p>\u00a0<\/p><ul><li>Identification compl\u00e8te du plaignant (sauf pour les plaintes anonymes)<\/li><\/ul><ul><li>Un bref expos\u00e9 des faits ou des arguments \u00e0 l'appui de la communication\/plainte.<\/li><li>Personne ou service contre lequel la communication\/plainte est dirig\u00e9e (d\u00e9fendeur).<\/li><li>Lieu ou adresse o\u00f9 les \u00e9v\u00e9nements ont eu lieu.<\/li><\/ul><p>\u00a0<\/p><p>FONCASAL adoptera toutes les mesures de s\u00e9curit\u00e9 techniques et organisationnelles n\u00e9cessaires pour \u00e9viter l'alt\u00e9ration, la perte et le traitement non autoris\u00e9 de ces donn\u00e9es ou l'acc\u00e8s \u00e0 celles-ci et garantir ainsi leur s\u00e9curit\u00e9.<\/p><p>Les plaignants peuvent exercer leurs droits d'acc\u00e8s, de rectification, d'opposition, d'effacement, de limitation du traitement et de portabilit\u00e9 en envoyant un courrier \u00e9lectronique \u00e0 l'adresse suivante <a href=\"mailto:protecciondatos@vigent.pt\">protecciondatos@vigent.pt<\/a> \u00a0Dans le cas d'une plainte anonyme, le plaignant ne peut pas exercer les droits \u00e9nonc\u00e9s dans le pr\u00e9sent document.<\/p><p>\u00a0<\/p><p>J'ai lu et j'accepte la politique de confidentialit\u00e9 du Whistleblower Channel, je consens au traitement des donn\u00e9es personnelles fournies et je souhaite d\u00e9poser une plainte : cliquez ici.<strong><em><u> <a href=\"https:\/\/canaldenuncia.com\/@FONCASAL\/informar\/\" target=\"_blank\" rel=\"noopener noreferrer nofollow\">ici.<\/a><\/u><\/em><\/strong><\/p>\t\t\t\t\t\t\t\t<\/div>\n\t\t\t\t<\/div>\n\t\t\t\t\t<\/div>\n\t\t\t\t<\/div>\n\t\t\t\t<\/div>","protected":false},"excerpt":{"rendered":"<p>Pol\u00edtica de Privacidad del Canal de Denuncias El Canal de Denuncias de NUCHAR, marca de FONCASAL TRADING S.L.U. (en adelante, \u201cFONCASAL\u201d), es el medio a trav\u00e9s del cual los empleados, proveedores, clientes y terceros pueden informar sobre conductas irregulares, violaciones del C\u00f3digo \u00c9tico y conductas corruptas en FONCASAL y\/o sociedades participadas, que puedan ser constitutivas [&hellip;]<\/p>\n","protected":false},"author":4,"featured_media":0,"parent":0,"menu_order":8,"comment_status":"closed","ping_status":"closed","template":"","meta":{"_acf_changed":false,"_seopress_robots_primary_cat":"","_seopress_titles_title":"","_seopress_titles_desc":"","_seopress_robots_index":"","footnotes":""},"class_list":["post-248","page","type-page","status-publish","hentry"],"acf":[],"_links":{"self":[{"href":"https:\/\/nuchar.dev.loudzap.com\/fr\/wp-json\/wp\/v2\/pages\/248","targetHints":{"allow":["GET"]}}],"collection":[{"href":"https:\/\/nuchar.dev.loudzap.com\/fr\/wp-json\/wp\/v2\/pages"}],"about":[{"href":"https:\/\/nuchar.dev.loudzap.com\/fr\/wp-json\/wp\/v2\/types\/page"}],"author":[{"embeddable":true,"href":"https:\/\/nuchar.dev.loudzap.com\/fr\/wp-json\/wp\/v2\/users\/4"}],"replies":[{"embeddable":true,"href":"https:\/\/nuchar.dev.loudzap.com\/fr\/wp-json\/wp\/v2\/comments?post=248"}],"version-history":[{"count":4,"href":"https:\/\/nuchar.dev.loudzap.com\/fr\/wp-json\/wp\/v2\/pages\/248\/revisions"}],"predecessor-version":[{"id":4821,"href":"https:\/\/nuchar.dev.loudzap.com\/fr\/wp-json\/wp\/v2\/pages\/248\/revisions\/4821"}],"wp:attachment":[{"href":"https:\/\/nuchar.dev.loudzap.com\/fr\/wp-json\/wp\/v2\/media?parent=248"}],"curies":[{"name":"wp","href":"https:\/\/api.w.org\/{rel}","templated":true}]}}