{"id":267,"date":"2024-10-22T10:36:57","date_gmt":"2024-10-22T10:36:57","guid":{"rendered":"https:\/\/nuchar.dev.loudzap.com\/?page_id=267"},"modified":"2024-11-11T12:58:16","modified_gmt":"2024-11-11T12:58:16","slug":"contacto","status":"publish","type":"page","link":"https:\/\/nuchar.dev.loudzap.com\/en\/contacto\/","title":{"rendered":"Contact"},"content":{"rendered":"<div data-elementor-type=\"wp-page\" data-elementor-id=\"267\" class=\"elementor elementor-267\" data-elementor-post-type=\"page\">\n\t\t\t\t<div class=\"elementor-element elementor-element-3ec8154 e-flex e-con-boxed e-con e-parent\" data-id=\"3ec8154\" data-element_type=\"container\" data-e-type=\"container\" data-settings=\"{&quot;background_background&quot;:&quot;classic&quot;}\">\n\t\t\t\t\t<div class=\"e-con-inner\">\n\t\t\t\t<div class=\"elementor-element elementor-element-5dbe5f4 elementor-widget__width-initial elementor-invisible elementor-widget elementor-widget-heading\" data-id=\"5dbe5f4\" data-element_type=\"widget\" data-e-type=\"widget\" data-settings=\"{&quot;_animation&quot;:&quot;fadeIn&quot;}\" data-widget_type=\"heading.default\">\n\t\t\t\t<div class=\"elementor-widget-container\">\n\t\t\t\t\t<h2 class=\"elementor-heading-title elementor-size-default\">Contact<\/h2>\t\t\t\t<\/div>\n\t\t\t\t<\/div>\n\t\t\t\t<div class=\"elementor-element elementor-element-8472d9d elementor-widget-divider--view-line_icon elementor-widget-divider--element-align-left elementor-widget__width-initial elementor-view-default elementor-invisible elementor-widget elementor-widget-divider\" data-id=\"8472d9d\" data-element_type=\"widget\" data-e-type=\"widget\" data-settings=\"{&quot;_animation&quot;:&quot;fadeIn&quot;}\" data-widget_type=\"divider.default\">\n\t\t\t\t<div class=\"elementor-widget-container\">\n\t\t\t\t\t\t\t<div class=\"elementor-divider\">\n\t\t\t<span class=\"elementor-divider-separator\">\n\t\t\t\t\t\t\t<div class=\"elementor-icon elementor-divider__element\">\n\t\t\t\t\t<svg xmlns=\"http:\/\/www.w3.org\/2000\/svg\" height=\"23\" viewbox=\"0 0 166 23\" width=\"166\"><lineargradient id=\"a\" x1=\"0%\" x2=\"100.005%\" y1=\"50.022%\" y2=\"50.022%\"><stop offset=\".15\" stop-color=\"#b5801e\"><\/stop><stop offset=\".61\" stop-color=\"#eece79\"><\/stop><stop offset=\".9\" stop-color=\"#d1a43b\"><\/stop><stop offset=\"1\" stop-color=\"#b37f11\"><\/stop><\/lineargradient><path d=\"M782.385 934.3c-37.857 9.805-44.109-16.716-104.12-12.926-9.498.603-23.69 1.566-41.265 7.801 15.816-4.14 28.53-4.428 37.314-4.585 61.394-1.116 66.557 26.096 105.625 17.852 10.68-2.249 18.607-14.807 23.061-17.524a69.2 69.2 0 0 1-20.615 9.381\" fill=\"url(#a)\" transform=\"matrix(-1 0 0 1 803 -921)\"><\/path><\/svg><\/div>\n\t\t\t\t\t\t<\/span>\n\t\t<\/div>\n\t\t\t\t\t\t<\/div>\n\t\t\t\t<\/div>\n\t\t\t\t<div class=\"elementor-element elementor-element-3a5a3b2 elementor-widget elementor-widget-spacer\" data-id=\"3a5a3b2\" data-element_type=\"widget\" data-e-type=\"widget\" data-widget_type=\"spacer.default\">\n\t\t\t\t<div class=\"elementor-widget-container\">\n\t\t\t\t\t\t\t<div class=\"elementor-spacer\">\n\t\t\t<div class=\"elementor-spacer-inner\"><\/div>\n\t\t<\/div>\n\t\t\t\t\t\t<\/div>\n\t\t\t\t<\/div>\n\t\t\t\t<div class=\"elementor-element elementor-element-d368ee9 elementor-position-left elementor-widget__width-initial elementor-widget-mobile__width-inherit elementor-position-top elementor-hidden-tablet elementor-hidden-mobile elementor-vertical-align-top elementor-invisible elementor-widget elementor-widget-image-box\" data-id=\"d368ee9\" data-element_type=\"widget\" data-e-type=\"widget\" data-settings=\"{&quot;_animation&quot;:&quot;fadeIn&quot;}\" data-widget_type=\"image-box.default\">\n\t\t\t\t<div class=\"elementor-widget-container\">\n\t\t\t\t\t<div class=\"elementor-image-box-wrapper\"><figure class=\"elementor-image-box-img\"><img decoding=\"async\" width=\"118\" height=\"118\" src=\"https:\/\/nuchar.dev.loudzap.com\/wp-content\/uploads\/2024\/10\/phone.webp\" class=\"attachment-full size-full wp-image-4783\" alt=\"\" \/><\/figure><div class=\"elementor-image-box-content\"><h3 class=\"elementor-image-box-title\">Phone<\/h3><p class=\"elementor-image-box-description\"><a href=\"tel:(+34) 941 26 23 12\" style=\"color:#000\">(+34) 941 26 23 12<\/a><\/p><\/div><\/div>\t\t\t\t<\/div>\n\t\t\t\t<\/div>\n\t\t\t\t<div class=\"elementor-element elementor-element-e4dfa29 elementor-widget__width-initial elementor-widget-mobile__width-inherit elementor-position-top elementor-hidden-desktop elementor-position-top elementor-invisible elementor-widget elementor-widget-image-box\" data-id=\"e4dfa29\" data-element_type=\"widget\" data-e-type=\"widget\" data-settings=\"{&quot;_animation&quot;:&quot;fadeIn&quot;}\" data-widget_type=\"image-box.default\">\n\t\t\t\t<div class=\"elementor-widget-container\">\n\t\t\t\t\t<div class=\"elementor-image-box-wrapper\"><figure class=\"elementor-image-box-img\"><img decoding=\"async\" width=\"118\" height=\"118\" src=\"https:\/\/nuchar.dev.loudzap.com\/wp-content\/uploads\/2024\/10\/phone.webp\" class=\"attachment-full size-full wp-image-4783\" alt=\"\" \/><\/figure><div class=\"elementor-image-box-content\"><h3 class=\"elementor-image-box-title\">Phone<\/h3><p class=\"elementor-image-box-description\"><a href=\"tel:(+34) 941 26 23 12\" style=\"color:#000\">(+34) 941 26 23 12<\/a><\/p><\/div><\/div>\t\t\t\t<\/div>\n\t\t\t\t<\/div>\n\t\t\t\t<div class=\"elementor-element elementor-element-8d6a096 elementor-widget elementor-widget-spacer\" data-id=\"8d6a096\" data-element_type=\"widget\" data-e-type=\"widget\" data-widget_type=\"spacer.default\">\n\t\t\t\t<div class=\"elementor-widget-container\">\n\t\t\t\t\t\t\t<div class=\"elementor-spacer\">\n\t\t\t<div class=\"elementor-spacer-inner\"><\/div>\n\t\t<\/div>\n\t\t\t\t\t\t<\/div>\n\t\t\t\t<\/div>\n\t\t<div class=\"elementor-element elementor-element-001ce58 e-con-full e-flex elementor-invisible e-con e-child\" data-id=\"001ce58\" data-element_type=\"container\" data-e-type=\"container\" data-settings=\"{&quot;animation&quot;:&quot;fadeIn&quot;}\">\n\t\t\t\t<div class=\"elementor-element elementor-element-1fa03f4 elementor-position-left elementor-widget__width-initial elementor-widget-mobile__width-inherit elementor-hidden-tablet elementor-hidden-mobile elementor-vertical-align-top elementor-widget elementor-widget-image-box\" data-id=\"1fa03f4\" data-element_type=\"widget\" data-e-type=\"widget\" data-widget_type=\"image-box.default\">\n\t\t\t\t<div class=\"elementor-widget-container\">\n\t\t\t\t\t<div class=\"elementor-image-box-wrapper\"><figure class=\"elementor-image-box-img\"><img decoding=\"async\" width=\"118\" height=\"118\" src=\"https:\/\/nuchar.dev.loudzap.com\/wp-content\/uploads\/2024\/10\/location.webp\" class=\"attachment-full size-full wp-image-4784\" alt=\"\" \/><\/figure><div class=\"elementor-image-box-content\"><h3 class=\"elementor-image-box-title\">Address<\/h3><p class=\"elementor-image-box-description\">FONCASAL\n<br>Pol ind. Cantabria II, c\/ Las Ca\u00f1as 76\n<br>26009 - Logro\u00f1o (La Rioja) Spain<\/p><\/div><\/div>\t\t\t\t<\/div>\n\t\t\t\t<\/div>\n\t\t\t\t<div class=\"elementor-element elementor-element-f7b1c32 elementor-widget__width-initial elementor-widget-mobile__width-inherit elementor-hidden-tablet elementor-hidden-mobile elementor-vertical-align-top elementor-widget elementor-widget-image-box\" data-id=\"f7b1c32\" data-element_type=\"widget\" data-e-type=\"widget\" data-widget_type=\"image-box.default\">\n\t\t\t\t<div class=\"elementor-widget-container\">\n\t\t\t\t\t<div class=\"elementor-image-box-wrapper\"><div class=\"elementor-image-box-content\"><h3 class=\"elementor-image-box-title\">Mail<\/h3><p class=\"elementor-image-box-description\"><a href=\"\" style=\"color:#000\">nuchar@brasmar.com<\/a><\/p><\/div><\/div>\t\t\t\t<\/div>\n\t\t\t\t<\/div>\n\t\t\t\t<div class=\"elementor-element elementor-element-5bc6a7b elementor-widget__width-initial elementor-widget-mobile__width-inherit elementor-hidden-desktop elementor-position-top elementor-widget elementor-widget-image-box\" data-id=\"5bc6a7b\" data-element_type=\"widget\" data-e-type=\"widget\" data-widget_type=\"image-box.default\">\n\t\t\t\t<div class=\"elementor-widget-container\">\n\t\t\t\t\t<div class=\"elementor-image-box-wrapper\"><figure class=\"elementor-image-box-img\"><img decoding=\"async\" width=\"118\" height=\"118\" src=\"https:\/\/nuchar.dev.loudzap.com\/wp-content\/uploads\/2024\/10\/location.webp\" class=\"attachment-full size-full wp-image-4784\" alt=\"\" \/><\/figure><div class=\"elementor-image-box-content\"><h3 class=\"elementor-image-box-title\">Address<\/h3><p class=\"elementor-image-box-description\">FONCASAL\n<br>Pol ind. Cantabria II, c\/ Las Ca\u00f1as 76\n<br>26009 - Logro\u00f1o (La Rioja) Spain<\/p><\/div><\/div>\t\t\t\t<\/div>\n\t\t\t\t<\/div>\n\t\t\t\t<div class=\"elementor-element elementor-element-12fb388 elementor-widget__width-initial elementor-widget-mobile__width-inherit elementor-hidden-desktop elementor-vertical-align-top elementor-widget elementor-widget-image-box\" data-id=\"12fb388\" data-element_type=\"widget\" data-e-type=\"widget\" data-widget_type=\"image-box.default\">\n\t\t\t\t<div class=\"elementor-widget-container\">\n\t\t\t\t\t<div class=\"elementor-image-box-wrapper\"><div class=\"elementor-image-box-content\"><h3 class=\"elementor-image-box-title\">Mail<\/h3><p class=\"elementor-image-box-description\"><a href=\"\" style=\"color:#000\">nuchar@brasmar.com<\/a><\/p><\/div><\/div>\t\t\t\t<\/div>\n\t\t\t\t<\/div>\n\t\t\t\t<\/div>\n\t\t\t\t\t<\/div>\n\t\t\t\t<\/div>\n\t\t<div class=\"elementor-element elementor-element-64271dc e-con-full e-flex e-con e-parent\" data-id=\"64271dc\" data-element_type=\"container\" data-e-type=\"container\">\n\t\t\t\t<div class=\"elementor-element elementor-element-b184969 elementor-invisible elementor-widget elementor-widget-google_maps\" data-id=\"b184969\" data-element_type=\"widget\" data-e-type=\"widget\" data-settings=\"{&quot;_animation&quot;:&quot;fadeIn&quot;}\" data-widget_type=\"google_maps.default\">\n\t\t\t\t<div class=\"elementor-widget-container\">\n\t\t\t\t\t\t\t<div class=\"elementor-custom-embed\">\n\t\t\t<iframe loading=\"lazy\"\n\t\t\t\t\tsrc=\"https:\/\/maps.google.com\/maps?q=foncasal&#038;t=m&#038;z=15&#038;output=embed&#038;iwloc=near\"\n\t\t\t\t\ttitle=\"foncasal\"\n\t\t\t\t\taria-label=\"foncasal\"\n\t\t\t><\/iframe>\n\t\t<\/div>\n\t\t\t\t\t\t<\/div>\n\t\t\t\t<\/div>\n\t\t\t\t<\/div>\n\t\t\t\t<\/div>","protected":false},"excerpt":{"rendered":"<p>Contacto Tel\u00e9fono (+34) 941 26 23 12 Tel\u00e9fono (+34) 941 26 23 12 Direcci\u00f3n FONCASAL Pol ind. Cantabria II, c\/ Las Ca\u00f1as 76 26009 &#8211; Logro\u00f1o (La Rioja) Espa\u00f1a Mail nuchar@brasmar.com Direcci\u00f3n FONCASAL Pol ind. Cantabria II, c\/ Las Ca\u00f1as 76 26009 &#8211; Logro\u00f1o (La Rioja) Espa\u00f1a Mail nuchar@brasmar.com<\/p>","protected":false},"author":4,"featured_media":0,"parent":0,"menu_order":5,"comment_status":"closed","ping_status":"closed","template":"","meta":{"_acf_changed":false,"_seopress_robots_primary_cat":"","_seopress_titles_title":"","_seopress_titles_desc":"","_seopress_robots_index":"","footnotes":""},"class_list":["post-267","page","type-page","status-publish","hentry"],"acf":[],"_links":{"self":[{"href":"https:\/\/nuchar.dev.loudzap.com\/en\/wp-json\/wp\/v2\/pages\/267","targetHints":{"allow":["GET"]}}],"collection":[{"href":"https:\/\/nuchar.dev.loudzap.com\/en\/wp-json\/wp\/v2\/pages"}],"about":[{"href":"https:\/\/nuchar.dev.loudzap.com\/en\/wp-json\/wp\/v2\/types\/page"}],"author":[{"embeddable":true,"href":"https:\/\/nuchar.dev.loudzap.com\/en\/wp-json\/wp\/v2\/users\/4"}],"replies":[{"embeddable":true,"href":"https:\/\/nuchar.dev.loudzap.com\/en\/wp-json\/wp\/v2\/comments?post=267"}],"version-history":[{"count":19,"href":"https:\/\/nuchar.dev.loudzap.com\/en\/wp-json\/wp\/v2\/pages\/267\/revisions"}],"predecessor-version":[{"id":5792,"href":"https:\/\/nuchar.dev.loudzap.com\/en\/wp-json\/wp\/v2\/pages\/267\/revisions\/5792"}],"wp:attachment":[{"href":"https:\/\/nuchar.dev.loudzap.com\/en\/wp-json\/wp\/v2\/media?parent=267"}],"curies":[{"name":"wp","href":"https:\/\/api.w.org\/{rel}","templated":true}]}}